{"id":15267,"date":"2023-04-27T10:12:13","date_gmt":"2023-04-27T07:12:13","guid":{"rendered":"https:\/\/branhaminsaarnoja.fi\/?page_id=15267"},"modified":"2023-05-19T10:18:25","modified_gmt":"2023-05-19T07:18:25","slug":"tietosuoja","status":"publish","type":"page","link":"https:\/\/branhaminsaarnoja.fi\/index.php\/tietosuoja\/","title":{"rendered":"Tietosuojak\u00e4yt\u00e4nn\u00f6t"},"content":{"rendered":"\t\t<div data-elementor-type=\"wp-page\" data-elementor-id=\"15267\" class=\"elementor elementor-15267\">\n\t\t\t\t\t\t<section class=\"elementor-section elementor-top-section elementor-element elementor-element-f141e34 elementor-section-boxed elementor-section-height-default elementor-section-height-default\" data-id=\"f141e34\" data-element_type=\"section\" data-e-type=\"section\">\n\t\t\t\t\t\t<div class=\"elementor-container elementor-column-gap-default\">\n\t\t\t\t\t<div class=\"elementor-column elementor-col-100 elementor-top-column elementor-element elementor-element-aa33866\" data-id=\"aa33866\" data-element_type=\"column\" data-e-type=\"column\">\n\t\t\t<div class=\"elementor-widget-wrap elementor-element-populated\">\n\t\t\t\t\t\t<div class=\"elementor-element elementor-element-38dd701 elementor-widget elementor-widget-text-editor\" data-id=\"38dd701\" data-element_type=\"widget\" data-e-type=\"widget\" data-widget_type=\"text-editor.default\">\n\t\t\t\t<div class=\"elementor-widget-container\">\n\t\t\t\t\t\t\t\t\t<h1>Tietosuojak\u00e4yt\u00e4nn\u00f6t<\/h1><p>T\u00e4ll\u00e4 sivustolla noudatetaan EU:n tietosuoja-asetusta (EU) 2016\/679.<\/p><h2>Henkil\u00f6tietojen k\u00e4sittely<\/h2><p>Sivustolla ker\u00e4t\u00e4\u00e4n henkil\u00f6tietoja palvelun toiminnan turvaamiseen, palvelun kehitt\u00e4miseen ja tietoturvan parantamiseen seuraavalla tavalla:<\/p><ul><li><p><strong>Palvelutoimittajan palvelin<\/strong>, joka ker\u00e4\u00e4 tietoja raaka- ja virhelokiin. Tietoja k\u00e4ytet\u00e4\u00e4n vain mahdollisten ongelma- ja virhetilanteiden selvitt\u00e4misess\u00e4.\u00a0<span style=\"font-family: var(--list--font-family); color: var( --e-global-color-text ); font-weight: var( --e-global-typography-text-font-weight ); background-color: var(--global--color-background); font-size: var(--global--font-size-base);\">Lokitiedot poistetaan automaattisesti 1 kuukauden sykleiss\u00e4.<\/span><\/p><ul><li><p>Palvelimen lokitietoja nettisivujen k\u00e4vij\u00f6ist\u00e4 (sis\u00e4lt\u00e4\u00e4 IP-osoitteita).\u00a0<\/p><\/li><\/ul><\/li><li><p><strong>Matomo Analytics<\/strong> (WordPress lis\u00e4osa), joka ker\u00e4\u00e4 tilastotietoja sivustolle tehdyist\u00e4 vierailuista. <span style=\"font-family: var(--list--font-family); color: var( --e-global-color-text ); font-weight: var( --e-global-typography-text-font-weight ); background-color: var(--global--color-background); font-size: var(--global--font-size-base);\">Raakadata poistetaan automaattisesti 30 vuorokauden sykleiss\u00e4.<\/span><\/p><ul><li><p>K\u00e4ytt\u00e4j\u00e4n anonymisoitu IP-osoite<\/p><\/li><li><p>Pyynn\u00f6n p\u00e4iv\u00e4m\u00e4\u00e4r\u00e4 ja kellonaika<\/p><\/li><li><p>Katseltavan sivun otsikko (Page Title).<\/p><\/li><li><p>Katseltavan sivun URL-osoite (Sivun URL-osoite)<\/p><\/li><li><p>Ennen nykyist\u00e4 sivua katsotun sivun URL-osoite (Referrer URL).<\/p><\/li><li><p>K\u00e4ytetty n\u00e4yt\u00f6n resoluutio<\/p><\/li><li><p>Aika paikallisen k\u00e4ytt\u00e4j\u00e4n aikavy\u00f6hykkeell\u00e4<\/p><\/li><li><p>Tiedostot, joita napsautettiin ja ladattiin (Download).<\/p><\/li><li><p>Ulkopuoliselle verkkotunnukselle osoittavia linkkej\u00e4, joita on napsautettu (Outlink).<\/p><\/li><li><p>Sivujen luomiseen kuluva aika (aika, joka kuluu siihen, ett\u00e4 verkkopalvelin luo verkkosivut ja k\u00e4ytt\u00e4j\u00e4 lataa ne.)<\/p><\/li><li><p>K\u00e4ytt\u00e4j\u00e4n sijainti: maa, alue, kaupunki, likim\u00e4\u00e4r\u00e4inen leveys- ja pituusaste (Geolocation).<\/p><\/li><li><p>K\u00e4ytett\u00e4v\u00e4n selaimen p\u00e4\u00e4kieli (Accept-Language-otsake).<\/p><\/li><li><p>K\u00e4yt\u00f6ss\u00e4 olevan selaimen k\u00e4ytt\u00e4j\u00e4agentti (User-Agent-otsake).<\/p><\/li><li><p>k\u00e4ytt\u00e4j\u00e4n selain, k\u00e4ytt\u00f6j\u00e4rjestelm\u00e4, k\u00e4ytetty laite (p\u00f6yt\u00e4tietokone, tabletti, matkapuhelin, televisio, auto, konsoli jne.), merkki ja malli.<\/p><\/li><\/ul><\/li><li><strong>Sivuston yll\u00e4pito<\/strong><ul><li><p>yll\u00e4pit\u00e4j\u00e4n nimi<\/p><\/li><li><p>s\u00e4hk\u00f6postiosoite<\/p><\/li><\/ul><\/li><\/ul><p>Mit\u00e4\u00e4n henkil\u00f6tietoja ei siirret\u00e4 ulkopuolisille toimijoille, ja kaikkia tietoja s\u00e4ilytet\u00e4\u00e4n sivuston palvelimella, joka sijaitsee Suomessa.<\/p><h2>Ev\u00e4steiden k\u00e4ytt\u00f6<\/h2><p>Sivustolla ei k\u00e4ytet\u00e4 ev\u00e4steit\u00e4 k\u00e4vij\u00f6iden seurantaan.<\/p><h2>Lis\u00e4tietoja<\/h2><p>Jos haluat tiet\u00e4\u00e4, mit\u00e4 tietoja sinusta on talletettu sivustolle tai halua poistaa ne, voit laittaa siit\u00e4 tietopyynn\u00f6n osoitteeseen <a href=\"mailto:info@branhaminsaarnoja.fi\">info@branhaminsaarnoja.fi<\/a><\/p>\t\t\t\t\t\t\t\t<\/div>\n\t\t\t\t<\/div>\n\t\t\t\t\t<\/div>\n\t\t<\/div>\n\t\t\t\t\t<\/div>\n\t\t<\/section>\n\t\t\t\t<\/div>\n\t\t","protected":false},"excerpt":{"rendered":"<p>Tietosuojak\u00e4yt\u00e4nn\u00f6t T\u00e4ll\u00e4 sivustolla noudatetaan EU:n tietosuoja-asetusta (EU) 2016\/679. Henkil\u00f6tietojen k\u00e4sittely Sivustolla ker\u00e4t\u00e4\u00e4n henkil\u00f6tietoja palvelun toiminnan turvaamiseen, palvelun kehitt\u00e4miseen ja tietoturvan parantamiseen seuraavalla tavalla: Palvelutoimittajan palvelin, joka ker\u00e4\u00e4 tietoja raaka- ja virhelokiin. Tietoja k\u00e4ytet\u00e4\u00e4n vain mahdollisten ongelma- ja virhetilanteiden selvitt\u00e4misess\u00e4.\u00a0Lokitiedot poistetaan automaattisesti 1 kuukauden sykleiss\u00e4. Palvelimen lokitietoja nettisivujen k\u00e4vij\u00f6ist\u00e4 (sis\u00e4lt\u00e4\u00e4 IP-osoitteita).\u00a0 Matomo Analytics (WordPress lis\u00e4osa), joka<a class=\"more-link\" href=\"https:\/\/branhaminsaarnoja.fi\/index.php\/tietosuoja\/\">Continue reading <span class=\"screen-reader-text\">&#8221;Tietosuojak\u00e4yt\u00e4nn\u00f6t&#8221;<\/span><\/a><\/p>\n","protected":false},"author":1,"featured_media":0,"parent":0,"menu_order":0,"comment_status":"closed","ping_status":"closed","template":"elementor_theme","meta":{"footnotes":""},"class_list":["post-15267","page","type-page","status-publish","hentry","entry"],"_links":{"self":[{"href":"https:\/\/branhaminsaarnoja.fi\/index.php\/wp-json\/wp\/v2\/pages\/15267","targetHints":{"allow":["GET"]}}],"collection":[{"href":"https:\/\/branhaminsaarnoja.fi\/index.php\/wp-json\/wp\/v2\/pages"}],"about":[{"href":"https:\/\/branhaminsaarnoja.fi\/index.php\/wp-json\/wp\/v2\/types\/page"}],"author":[{"embeddable":true,"href":"https:\/\/branhaminsaarnoja.fi\/index.php\/wp-json\/wp\/v2\/users\/1"}],"replies":[{"embeddable":true,"href":"https:\/\/branhaminsaarnoja.fi\/index.php\/wp-json\/wp\/v2\/comments?post=15267"}],"version-history":[{"count":62,"href":"https:\/\/branhaminsaarnoja.fi\/index.php\/wp-json\/wp\/v2\/pages\/15267\/revisions"}],"predecessor-version":[{"id":15508,"href":"https:\/\/branhaminsaarnoja.fi\/index.php\/wp-json\/wp\/v2\/pages\/15267\/revisions\/15508"}],"wp:attachment":[{"href":"https:\/\/branhaminsaarnoja.fi\/index.php\/wp-json\/wp\/v2\/media?parent=15267"}],"curies":[{"name":"wp","href":"https:\/\/api.w.org\/{rel}","templated":true}]}}